{"id":64,"date":"2019-08-28T22:14:03","date_gmt":"2019-08-28T20:14:03","guid":{"rendered":"http:\/\/kodokan-dottignies.be\/?page_id=64"},"modified":"2023-05-18T14:28:20","modified_gmt":"2023-05-18T12:28:20","slug":"presentation-du-club","status":"publish","type":"page","link":"https:\/\/kodokan-dottignies.be\/index.php\/presentation-du-club\/","title":{"rendered":"Pr\u00e9sentation du club"},"content":{"rendered":"\n<h4 class=\"wp-block-heading\" id=\"le-judo-kodokan-dottignies\"><strong><em><u>Le Judo Kodokan Dottignies :<\/u><\/em><\/strong><\/h4>\n\n\n\n<p><font color=\"black\">Le judo n\u2019est pas qu\u2019un sport, il va au-del\u00e0 de l\u2019activit\u00e9 physique pure. C\u2019est aussi un excellent vecteur d\u2019\u00e9ducation et de transmission de valeurs comme la politesse, le&nbsp;courage, la sinc\u00e9rit\u00e9, le respect, le contr\u00f4le de soi et&nbsp;l\u2019amiti\u00e9.<\/font><\/p>\n\n\n\n<p><font color=\"black\">Le Judo Kodokan Dottignies accueille les judokas de tout \u00e2ge qui ont envie de d\u00e9couvrir le judo ou de reprendre leur sport.<\/font><\/p>\n\n\n\n<p><font color=\"black\">Les jeunes enfants (d\u00e8s 6 ans) peuvent venir d\u00e9couvrir le judo au travers du Groupe des Petits. Ce cours permet \u00e0 l\u2019enfant de d\u00e9velopper son \u00e9quilibre, sa motricit\u00e9\u00a0\u2026 L\u2019enfant devra respecter les r\u00e8gles, consignes et appliquer le protocole du c\u00e9r\u00e9monial.<\/font><\/p>\n\n\n\n<p><font color=\"black\">Le Judo Kodokan Dottignies permet, \u00e0 tout un chacun, de pratiquer le judo dans le respect de ses capacit\u00e9s, besoins et envies.<\/font><\/p>\n","protected":false},"excerpt":{"rendered":"<p>Le Judo Kodokan Dottignies : Le judo n\u2019est pas qu\u2019un sport, il va au-del\u00e0 de l\u2019activit\u00e9 physique pure. C\u2019est aussi un excellent vecteur d\u2019\u00e9ducation et de transmission de valeurs comme la politesse, le&nbsp;courage, la sinc\u00e9rit\u00e9, le respect, le contr\u00f4le de soi et&nbsp;l\u2019amiti\u00e9. Le Judo Kodokan Dottignies accueille les judokas de tout \u00e2ge qui ont envie [&hellip;]<\/p>\n","protected":false},"author":1,"featured_media":0,"parent":0,"menu_order":0,"comment_status":"closed","ping_status":"closed","template":"","meta":{"footnotes":""},"class_list":["post-64","page","type-page","status-publish","hentry"],"_links":{"self":[{"href":"https:\/\/kodokan-dottignies.be\/index.php\/wp-json\/wp\/v2\/pages\/64","targetHints":{"allow":["GET"]}}],"collection":[{"href":"https:\/\/kodokan-dottignies.be\/index.php\/wp-json\/wp\/v2\/pages"}],"about":[{"href":"https:\/\/kodokan-dottignies.be\/index.php\/wp-json\/wp\/v2\/types\/page"}],"author":[{"embeddable":true,"href":"https:\/\/kodokan-dottignies.be\/index.php\/wp-json\/wp\/v2\/users\/1"}],"replies":[{"embeddable":true,"href":"https:\/\/kodokan-dottignies.be\/index.php\/wp-json\/wp\/v2\/comments?post=64"}],"version-history":[{"count":7,"href":"https:\/\/kodokan-dottignies.be\/index.php\/wp-json\/wp\/v2\/pages\/64\/revisions"}],"predecessor-version":[{"id":1156,"href":"https:\/\/kodokan-dottignies.be\/index.php\/wp-json\/wp\/v2\/pages\/64\/revisions\/1156"}],"wp:attachment":[{"href":"https:\/\/kodokan-dottignies.be\/index.php\/wp-json\/wp\/v2\/media?parent=64"}],"curies":[{"name":"wp","href":"https:\/\/api.w.org\/{rel}","templated":true}]}}