{"id":70,"date":"2019-08-28T22:16:52","date_gmt":"2019-08-28T20:16:52","guid":{"rendered":"http:\/\/kodokan-dottignies.be\/?page_id=70"},"modified":"2025-06-01T18:18:44","modified_gmt":"2025-06-01T16:18:44","slug":"horaires","status":"publish","type":"page","link":"https:\/\/kodokan-dottignies.be\/index.php\/horaires\/","title":{"rendered":"Horaires"},"content":{"rendered":"\n<h3 class=\"wp-block-heading\" id=\"saison-2021-2022\"><strong>Saison 2025 \u2013 2026 <\/strong><\/h3>\n\n\n\n<p class=\"has-text-align-center has-vivid-red-color has-text-color\" style=\"font-size:19px\"><\/p>\n\n\n<div class=\"wp-block-image\">\n<figure class=\"aligncenter\"><img decoding=\"async\" src=\"https:\/\/kodokandottignies.files.wordpress.com\/2015\/09\/dyn009_original_400_400_jpeg_2683140_f265ceca0a91474b9350a249ea713b7c.jpg?w=171&amp;h=171\" alt=\"dyn009_original_400_400_jpeg_2683140_f265ceca0a91474b9350a249ea713b7c\" class=\"wp-image-25\"\/><\/figure>\n<\/div>\n\n\n<h4 class=\"wp-block-heading\" id=\"annee-de-naissance\"><u><strong><em>Ann\u00e9e de naissance :<\/em><\/strong><\/u><\/h4>\n\n\n\n<p class=\"has-vivid-red-color has-text-color\"><strong><font color=\"orange\">Groupe des petits<\/font><\/strong><font color=\"black\"> : 2017-2018-2019<\/font><\/p>\n\n\n\n<p class=\"has-vivid-red-color has-text-color\"><strong><font color=\"green\">Groupe des moyens<\/font><\/strong><font color=\"black\"> : 2014-2015-2016-2017<\/font><\/p>\n\n\n\n<p><strong><font color=\"blue\">Groupe des grands<\/font><\/strong><font color=\"black\"> : 2013 et plus \u00e2g\u00e9<\/font><\/p>\n\n\n\n<h4 class=\"wp-block-heading\" id=\"mercredi\"><u><strong><em>Mercredi :<\/em><\/strong><\/u><\/h4>\n\n\n\n<p><font color=\"black\">De 16h30 \u00e0 17h30 <\/font><strong><font color=\"orange\">Groupe des petits<\/font><\/strong><\/p>\n\n\n\n<p><font color=\"black\">De 17h30 \u00e0 18h30 <\/font><strong><font color=\"green\">Groupe des moyens<\/font><\/strong><\/p>\n\n\n\n<p><font color=\"black\">De 18h30 \u00e0 20h00 <\/font><strong><font color=\"blue\">Groupe des grands<\/font><\/strong><\/p>\n\n\n\n<p><font color=\"black\">De 20h00 \u00e0 20h30 <strong>Cours&nbsp;<\/strong><strong>Kata<\/strong>&nbsp;<\/font><\/p>\n\n\n\n<h4 class=\"wp-block-heading\" id=\"vendredi\"><u><strong><em>Vendredi :<\/em><\/strong><\/u><\/h4>\n\n\n\n<p><font color=\"black\">De 17h30 \u00e0 18h30 <\/font><strong><font color=\"orange\">Groupe des petits<\/font>&nbsp;<\/strong><\/p>\n\n\n\n<p><font color=\"black\">De 18h30 \u00e0 19h30 <\/font><strong><font color=\"green\">Groupe des moyens<\/font><\/strong><\/p>\n\n\n\n<p><font color=\"black\">De 19h30 \u00e0 21h00 <\/font><strong><font color=\"blue\">Groupe des grands<\/font><\/strong><\/p>\n","protected":false},"excerpt":{"rendered":"<p>Saison 2025 \u2013 2026 Ann\u00e9e de naissance : Groupe des petits : 2017-2018-2019 Groupe des moyens : 2014-2015-2016-2017 Groupe des grands : 2013 et plus \u00e2g\u00e9 Mercredi : De 16h30 \u00e0 17h30 Groupe des petits De 17h30 \u00e0 18h30 Groupe des moyens De 18h30 \u00e0 20h00 Groupe des grands De 20h00 \u00e0 20h30 Cours&nbsp;Kata&nbsp; Vendredi [&hellip;]<\/p>\n","protected":false},"author":1,"featured_media":0,"parent":0,"menu_order":0,"comment_status":"closed","ping_status":"closed","template":"","meta":{"footnotes":""},"class_list":["post-70","page","type-page","status-publish","hentry"],"_links":{"self":[{"href":"https:\/\/kodokan-dottignies.be\/index.php\/wp-json\/wp\/v2\/pages\/70","targetHints":{"allow":["GET"]}}],"collection":[{"href":"https:\/\/kodokan-dottignies.be\/index.php\/wp-json\/wp\/v2\/pages"}],"about":[{"href":"https:\/\/kodokan-dottignies.be\/index.php\/wp-json\/wp\/v2\/types\/page"}],"author":[{"embeddable":true,"href":"https:\/\/kodokan-dottignies.be\/index.php\/wp-json\/wp\/v2\/users\/1"}],"replies":[{"embeddable":true,"href":"https:\/\/kodokan-dottignies.be\/index.php\/wp-json\/wp\/v2\/comments?post=70"}],"version-history":[{"count":21,"href":"https:\/\/kodokan-dottignies.be\/index.php\/wp-json\/wp\/v2\/pages\/70\/revisions"}],"predecessor-version":[{"id":1357,"href":"https:\/\/kodokan-dottignies.be\/index.php\/wp-json\/wp\/v2\/pages\/70\/revisions\/1357"}],"wp:attachment":[{"href":"https:\/\/kodokan-dottignies.be\/index.php\/wp-json\/wp\/v2\/media?parent=70"}],"curies":[{"name":"wp","href":"https:\/\/api.w.org\/{rel}","templated":true}]}}