{"id":72,"date":"2019-08-28T22:17:50","date_gmt":"2019-08-28T20:17:50","guid":{"rendered":"http:\/\/kodokan-dottignies.be\/?page_id=72"},"modified":"2025-06-01T18:31:36","modified_gmt":"2025-06-01T16:31:36","slug":"tarifs","status":"publish","type":"page","link":"https:\/\/kodokan-dottignies.be\/index.php\/tarifs\/","title":{"rendered":"Tarifs"},"content":{"rendered":"<div class=\"wp-block-image\">\n<figure class=\"aligncenter\"><img decoding=\"async\" src=\"https:\/\/kodokandottignies.files.wordpress.com\/2015\/09\/logoe282ac.jpg?w=140&amp;h=150\" alt=\"logo\u20ac\" class=\"wp-image-34\"\/><\/figure>\n<\/div>\n\n\n<h4 class=\"wp-block-heading\"><em><strong>Licence&nbsp;\u2013 assurance :<\/strong><\/em><\/h4>\n\n\n\n<p><font color=\"black\">Chaque membre du Judo Kodokan Dottignies devra \u00eatre assur\u00e9 aupr\u00e8s de la F\u00e9d\u00e9ration Francophone Belge de Judo. Le montant de la licence s\u2019\u00e9l\u00e8ve&nbsp;\u00e0 47\u20ac \/ an, enti\u00e8rement revers\u00e9 \u00e0 la F\u00e9d\u00e9ration.<\/font><\/p>\n\n\n\n<figure class=\"wp-block-image size-full is-resized\"><img loading=\"lazy\" decoding=\"async\" width=\"413\" height=\"414\" src=\"http:\/\/kodokan-dottignies.be\/wp-content\/uploads\/2024\/04\/QR-code-licence-47E.png\" alt=\"\" class=\"wp-image-1222\" style=\"width:208px\" srcset=\"https:\/\/kodokan-dottignies.be\/wp-content\/uploads\/2024\/04\/QR-code-licence-47E.png 413w, https:\/\/kodokan-dottignies.be\/wp-content\/uploads\/2024\/04\/QR-code-licence-47E-300x300.png 300w, https:\/\/kodokan-dottignies.be\/wp-content\/uploads\/2024\/04\/QR-code-licence-47E-150x150.png 150w\" sizes=\"auto, (max-width: 413px) 100vw, 413px\" \/><\/figure>\n\n\n\n<p><\/p>\n\n\n\n<h4 class=\"wp-block-heading\"><em><strong>Cotisation annuelle :<\/strong><\/em><\/h4>\n\n\n\n<p><font color=\"black\">1 Judoka\u00a0: \u00a0140 \u20ac<\/font><\/p>\n\n\n\n<p><font color=\"black\">2 Judokas habitant sous le m\u00eame toit\u00a0: 260 \u20ac<\/font><\/p>\n\n\n\n<p><font color=\"black\">Formule familiale (3 judokas et +, habitant sous le m\u00eame toit) : 360 \u20ac<\/font><\/p>\n\n\n\n<figure class=\"wp-block-image size-full is-resized\"><img loading=\"lazy\" decoding=\"async\" width=\"415\" height=\"412\" src=\"http:\/\/kodokan-dottignies.be\/wp-content\/uploads\/2023\/05\/QR-code-cotisation.png\" alt=\"\" class=\"wp-image-1142\" style=\"width:208px;height:206px\" srcset=\"https:\/\/kodokan-dottignies.be\/wp-content\/uploads\/2023\/05\/QR-code-cotisation.png 415w, https:\/\/kodokan-dottignies.be\/wp-content\/uploads\/2023\/05\/QR-code-cotisation-300x298.png 300w, https:\/\/kodokan-dottignies.be\/wp-content\/uploads\/2023\/05\/QR-code-cotisation-150x150.png 150w\" sizes=\"auto, (max-width: 415px) 100vw, 415px\" \/><\/figure>\n\n\n\n<p><\/p>\n\n\n\n<p><font color=\"black\"><em><strong>Pour des questions de s\u00e9curit\u00e9, nous interdirons l\u2019acc\u00e8s au dojo \u00e0 tous les judokas qui ne seraient pas en ordre de cotisation ou de licence.<\/strong><\/em><\/font><\/p>\n","protected":false},"excerpt":{"rendered":"<p>Licence&nbsp;\u2013 assurance : Chaque membre du Judo Kodokan Dottignies devra \u00eatre assur\u00e9 aupr\u00e8s de la F\u00e9d\u00e9ration Francophone Belge de Judo. Le montant de la licence s\u2019\u00e9l\u00e8ve&nbsp;\u00e0 47\u20ac \/ an, enti\u00e8rement revers\u00e9 \u00e0 la F\u00e9d\u00e9ration. Cotisation annuelle : 1 Judoka\u00a0: \u00a0140 \u20ac 2 Judokas habitant sous le m\u00eame toit\u00a0: 260 \u20ac Formule familiale (3 judokas et [&hellip;]<\/p>\n","protected":false},"author":1,"featured_media":0,"parent":0,"menu_order":0,"comment_status":"closed","ping_status":"closed","template":"","meta":{"footnotes":""},"class_list":["post-72","page","type-page","status-publish","hentry"],"_links":{"self":[{"href":"https:\/\/kodokan-dottignies.be\/index.php\/wp-json\/wp\/v2\/pages\/72","targetHints":{"allow":["GET"]}}],"collection":[{"href":"https:\/\/kodokan-dottignies.be\/index.php\/wp-json\/wp\/v2\/pages"}],"about":[{"href":"https:\/\/kodokan-dottignies.be\/index.php\/wp-json\/wp\/v2\/types\/page"}],"author":[{"embeddable":true,"href":"https:\/\/kodokan-dottignies.be\/index.php\/wp-json\/wp\/v2\/users\/1"}],"replies":[{"embeddable":true,"href":"https:\/\/kodokan-dottignies.be\/index.php\/wp-json\/wp\/v2\/comments?post=72"}],"version-history":[{"count":14,"href":"https:\/\/kodokan-dottignies.be\/index.php\/wp-json\/wp\/v2\/pages\/72\/revisions"}],"predecessor-version":[{"id":1359,"href":"https:\/\/kodokan-dottignies.be\/index.php\/wp-json\/wp\/v2\/pages\/72\/revisions\/1359"}],"wp:attachment":[{"href":"https:\/\/kodokan-dottignies.be\/index.php\/wp-json\/wp\/v2\/media?parent=72"}],"curies":[{"name":"wp","href":"https:\/\/api.w.org\/{rel}","templated":true}]}}