{"id":74,"date":"2019-08-28T22:18:37","date_gmt":"2019-08-28T20:18:37","guid":{"rendered":"http:\/\/kodokan-dottignies.be\/?page_id=74"},"modified":"2021-08-27T20:37:47","modified_gmt":"2021-08-27T18:37:47","slug":"acces","status":"publish","type":"page","link":"https:\/\/kodokan-dottignies.be\/index.php\/acces\/","title":{"rendered":"Acc\u00e8s"},"content":{"rendered":"\n<p><font color=\"black\"><strong>Judo Kodokan Dottignies<\/strong><\/font><\/p>\n\n\n\n<p><font color=\"black\">Dojo de l\u2019\u00e9cole des sports :<br>Site\u00a0de l\u2019ancienne brasserie,<br>entr\u00e9e <em><strong>rue C\u00e9lestin Pollet, 13 \u00e0 Dottignies 7711<\/strong><\/em><br>via rue Cardinal Mercier<\/font><\/p>\n\n\n\n<figure><iframe loading=\"lazy\" width=\"600\" height=\"450\" src=\"https:\/\/www.google.com\/maps\/embed?pb=!1m18!1m12!1m3!1d2525.684449018542!2d3.3014151154915847!3d50.725793075368!2m3!1f0!2f0!3f0!3m2!1i1024!2i768!4f13.1!3m3!1m2!1s0x47c32407e5892dd3:0x6f528737383fc20a!2sRue%20C\u00e9lestin%20Pollet%2013,%207711%20Mouscron!5e0!3m2!1sfr!2sbe!4v1448819976571\"><\/iframe><\/figure>\n","protected":false},"excerpt":{"rendered":"<p>Judo Kodokan Dottignies Dojo de l\u2019\u00e9cole des sports :Site\u00a0de l\u2019ancienne brasserie,entr\u00e9e rue C\u00e9lestin Pollet, 13 \u00e0 Dottignies 7711via rue Cardinal Mercier<\/p>\n","protected":false},"author":1,"featured_media":0,"parent":0,"menu_order":0,"comment_status":"closed","ping_status":"closed","template":"","meta":{"footnotes":""},"class_list":["post-74","page","type-page","status-publish","hentry"],"_links":{"self":[{"href":"https:\/\/kodokan-dottignies.be\/index.php\/wp-json\/wp\/v2\/pages\/74","targetHints":{"allow":["GET"]}}],"collection":[{"href":"https:\/\/kodokan-dottignies.be\/index.php\/wp-json\/wp\/v2\/pages"}],"about":[{"href":"https:\/\/kodokan-dottignies.be\/index.php\/wp-json\/wp\/v2\/types\/page"}],"author":[{"embeddable":true,"href":"https:\/\/kodokan-dottignies.be\/index.php\/wp-json\/wp\/v2\/users\/1"}],"replies":[{"embeddable":true,"href":"https:\/\/kodokan-dottignies.be\/index.php\/wp-json\/wp\/v2\/comments?post=74"}],"version-history":[{"count":8,"href":"https:\/\/kodokan-dottignies.be\/index.php\/wp-json\/wp\/v2\/pages\/74\/revisions"}],"predecessor-version":[{"id":792,"href":"https:\/\/kodokan-dottignies.be\/index.php\/wp-json\/wp\/v2\/pages\/74\/revisions\/792"}],"wp:attachment":[{"href":"https:\/\/kodokan-dottignies.be\/index.php\/wp-json\/wp\/v2\/media?parent=74"}],"curies":[{"name":"wp","href":"https:\/\/api.w.org\/{rel}","templated":true}]}}