{"id":76,"date":"2019-08-28T22:19:43","date_gmt":"2019-08-28T20:19:43","guid":{"rendered":"http:\/\/kodokan-dottignies.be\/?page_id=76"},"modified":"2022-05-29T10:59:24","modified_gmt":"2022-05-29T08:59:24","slug":"contacts","status":"publish","type":"page","link":"https:\/\/kodokan-dottignies.be\/index.php\/contacts\/","title":{"rendered":"Contacts"},"content":{"rendered":"\n<p><font color=\"black\"><strong><span style=\"text-decoration: underline;\">Pr\u00e9sidente&nbsp;et&nbsp;enseignante principale&nbsp;:<\/span><\/strong><\/font><\/p>\n\n\n\n<p><font color=\"black\"><em><strong>Sarah Terryn<\/strong><\/em> :<\/font><\/p>\n\n\n<div class=\"wp-block-image\">\n<figure class=\"aligncenter\"><img decoding=\"async\" src=\"https:\/\/kodokandottignies.files.wordpress.com\/2015\/09\/sarah-4.jpg?w=300&amp;h=286\" alt=\"Sarah 4\" class=\"wp-image-418\"\/><figcaption><p style=\"font-size:16px\"><\/p><p class=\"has-text-align-center\">Tel : +32 473 60 73 77<br><a href=\"http:\/\/kodokan-dottignies.be\/index.php\/envoyer-un-message\/\" target=\"_blank\" rel=\"noreferrer noopener\">Message<\/a><br><a rel=\"noreferrer noopener\" href=\"https:\/\/www.facebook.com\/search\/top?q=judo%20kodokan%20dottignies\" target=\"_blank\">Facebook<\/a><\/p><\/figcaption><\/figure>\n<\/div>\n\n\n<p><font color=\"black\"><strong><span style=\"text-decoration: underline;\">Secr\u00e9taire et Tr\u00e9sorier :<\/span><\/strong><\/font><\/p>\n\n\n\n<p><font color=\"black\"><em><strong>Carmelo Dresti :<\/strong><\/em><\/font><\/p>\n\n\n\n\n\n<p><font color=\"black\"><strong><span style=\"text-decoration: underline;\">Assistante Administrative :<\/span><\/strong><\/font><\/p>\n\n\n\n<p><font color=\"black\"><strong><em>Virginie Duthoit :<\/em><\/strong><\/font><\/p>\n\n\n","protected":false},"excerpt":{"rendered":"<p>Pr\u00e9sidente&nbsp;et&nbsp;enseignante principale&nbsp;: Sarah Terryn : Secr\u00e9taire et Tr\u00e9sorier : Carmelo Dresti : Assistante Administrative : Virginie Duthoit :<\/p>\n","protected":false},"author":1,"featured_media":0,"parent":0,"menu_order":0,"comment_status":"closed","ping_status":"closed","template":"","meta":{"footnotes":""},"class_list":["post-76","page","type-page","status-publish","hentry"],"_links":{"self":[{"href":"https:\/\/kodokan-dottignies.be\/index.php\/wp-json\/wp\/v2\/pages\/76","targetHints":{"allow":["GET"]}}],"collection":[{"href":"https:\/\/kodokan-dottignies.be\/index.php\/wp-json\/wp\/v2\/pages"}],"about":[{"href":"https:\/\/kodokan-dottignies.be\/index.php\/wp-json\/wp\/v2\/types\/page"}],"author":[{"embeddable":true,"href":"https:\/\/kodokan-dottignies.be\/index.php\/wp-json\/wp\/v2\/users\/1"}],"replies":[{"embeddable":true,"href":"https:\/\/kodokan-dottignies.be\/index.php\/wp-json\/wp\/v2\/comments?post=76"}],"version-history":[{"count":13,"href":"https:\/\/kodokan-dottignies.be\/index.php\/wp-json\/wp\/v2\/pages\/76\/revisions"}],"predecessor-version":[{"id":1014,"href":"https:\/\/kodokan-dottignies.be\/index.php\/wp-json\/wp\/v2\/pages\/76\/revisions\/1014"}],"wp:attachment":[{"href":"https:\/\/kodokan-dottignies.be\/index.php\/wp-json\/wp\/v2\/media?parent=76"}],"curies":[{"name":"wp","href":"https:\/\/api.w.org\/{rel}","templated":true}]}}