{"id":769,"date":"2021-07-04T13:17:06","date_gmt":"2021-07-04T11:17:06","guid":{"rendered":"http:\/\/kodokan-dottignies.be\/?page_id=769"},"modified":"2022-02-20T19:45:44","modified_gmt":"2022-02-20T18:45:44","slug":"test","status":"publish","type":"page","link":"https:\/\/kodokan-dottignies.be\/index.php\/test\/","title":{"rendered":"Activit\u00e9s"},"content":{"rendered":"\n<h2 class=\"wp-block-heading\" id=\"nos-differents-parcours-j-me-bouge-pour-mon-club-2021\">Nos diff\u00e9rents parcours \u00ab\u00a0J&rsquo;me bouge pour mon club\u00a0\u00bb 2021<\/h2>\n\n\n\n<p>Trois parcours propos\u00e9s au d\u00e9part du dojo, rue Celestin Pollet 13 \u00e0 Dottignies. <\/p>\n\n\n\n<p>Ci-dessous, vous trouverez les diff\u00e9rents liens Google Maps de nos parcours. Vous pouvez les importer directement sur votre Smartphone en cliquant sur le symbole Google Maps<\/p>\n\n\n\n<figure class=\"wp-block-image is-resized\"><img loading=\"lazy\" decoding=\"async\" src=\"http:\/\/kodokan-dottignies.be\/wp-content\/uploads\/2021\/04\/Screenshot_20210405-102958_Samsung-Internet-1-576x1024.jpg\" alt=\"\" width=\"221\" height=\"393\"\/><\/figure>\n\n\n\n<p><a rel=\"noreferrer noopener\" href=\"https:\/\/www.google.com\/maps\/d\/u\/2\/edit?mid=1ifsMv3vPynurzBiZZpOtzBHgLHGCnKtF&amp;usp=sharing\" target=\"_blank\">Parcours 4 km<\/a><\/p>\n\n\n\n<p><a rel=\"noreferrer noopener\" href=\"https:\/\/www.google.com\/maps\/d\/u\/0\/edit?mid=1Mf4hkMOAER2wNMYIwn37Ilaz_T4tER6v&amp;usp=sharing\" target=\"_blank\">Parcours 7 km<\/a><\/p>\n\n\n\n<p><a rel=\"noreferrer noopener\" href=\"https:\/\/www.google.com\/maps\/d\/u\/2\/edit?mid=19wseE2DjKmDmmGqwmPxD92Tao_f2QLhq&amp;usp=sharing\" target=\"_blank\">Parcours 11 km<\/a><\/p>\n\n\n\n<p><a rel=\"noreferrer noopener\" href=\"https:\/\/www.google.com\/maps\/d\/u\/0\/edit?mid=1PyqTp9pb3-JrbhDQhsPYqYSqs7nSqWS1&amp;usp=sharing\" target=\"_blank\">Parcours 16 km<\/a><\/p>\n\n\n\n<p><a rel=\"noreferrer noopener\" href=\"https:\/\/www.google.com\/maps\/d\/u\/2\/edit?mid=1tuEs7vmWgbDSklp3egsskRn0CF5P4p96&amp;usp=sharing\" target=\"_blank\">Parcours 19 km<\/a><\/p>\n\n\n\n<p>N&rsquo;oubliez pas de respecter les r\u00e8gles sanitaires li\u00e9es au Covid <\/p>\n\n\n\n<h2 class=\"wp-block-heading\" id=\"autres-idees-de-parcours\"><strong>Autres id\u00e9es de parcours<\/strong> <\/h2>\n\n\n\n<p>Si vous souhaitez d\u00e9couvrir d&rsquo;autres parcours, nous vous invitons \u00e0 consulter la page Facebook du Sport Nat Mouscron                                                                                                                                                                                                                                                                         <br><a href=\"https:\/\/www.facebook.com\/pg\/sportnatmouscron\/reviews\/?ref=page_internal\" target=\"_blank\" rel=\"noreferrer noopener\" aria-label=\" (opens in a new tab)\">SPORT NAT Mouscron | Facebook<\/a><br><\/p>\n","protected":false},"excerpt":{"rendered":"<p>Nos diff\u00e9rents parcours \u00ab\u00a0J&rsquo;me bouge pour mon club\u00a0\u00bb 2021 Trois parcours propos\u00e9s au d\u00e9part du dojo, rue Celestin Pollet 13 \u00e0 Dottignies. Ci-dessous, vous trouverez les diff\u00e9rents liens Google Maps de nos parcours. Vous pouvez les importer directement sur votre Smartphone en cliquant sur le symbole Google Maps Parcours 4 km Parcours 7 km Parcours [&hellip;]<\/p>\n","protected":false},"author":1,"featured_media":0,"parent":0,"menu_order":0,"comment_status":"closed","ping_status":"closed","template":"","meta":{"footnotes":""},"class_list":["post-769","page","type-page","status-publish","hentry"],"_links":{"self":[{"href":"https:\/\/kodokan-dottignies.be\/index.php\/wp-json\/wp\/v2\/pages\/769","targetHints":{"allow":["GET"]}}],"collection":[{"href":"https:\/\/kodokan-dottignies.be\/index.php\/wp-json\/wp\/v2\/pages"}],"about":[{"href":"https:\/\/kodokan-dottignies.be\/index.php\/wp-json\/wp\/v2\/types\/page"}],"author":[{"embeddable":true,"href":"https:\/\/kodokan-dottignies.be\/index.php\/wp-json\/wp\/v2\/users\/1"}],"replies":[{"embeddable":true,"href":"https:\/\/kodokan-dottignies.be\/index.php\/wp-json\/wp\/v2\/comments?post=769"}],"version-history":[{"count":5,"href":"https:\/\/kodokan-dottignies.be\/index.php\/wp-json\/wp\/v2\/pages\/769\/revisions"}],"predecessor-version":[{"id":919,"href":"https:\/\/kodokan-dottignies.be\/index.php\/wp-json\/wp\/v2\/pages\/769\/revisions\/919"}],"wp:attachment":[{"href":"https:\/\/kodokan-dottignies.be\/index.php\/wp-json\/wp\/v2\/media?parent=769"}],"curies":[{"name":"wp","href":"https:\/\/api.w.org\/{rel}","templated":true}]}}