{"id":82,"date":"2019-08-28T22:24:23","date_gmt":"2019-08-28T20:24:23","guid":{"rendered":"http:\/\/kodokan-dottignies.be\/?page_id=82"},"modified":"2019-09-01T11:42:22","modified_gmt":"2019-09-01T09:42:22","slug":"politique-de-confidentialite-2","status":"publish","type":"page","link":"https:\/\/kodokan-dottignies.be\/index.php\/politique-de-confidentialite-2\/","title":{"rendered":"Politique de confidentialit\u00e9"},"content":{"rendered":"\n<h4 class=\"wp-block-heading\"><strong><em><u>Politique de confidentialit\u00e9 :<\/u><\/em><\/strong><\/h4>\n\n\n\n<p><font color=\"black\">Nous attachons une grande importance au respect de votre confidentialit\u00e9. Dans la pr\u00e9sente Politique de confidentialit\u00e9, nous vous indiquons les informations que nous collectons \u00e0 votre sujet, les raisons de cette collecte, ainsi que la mani\u00e8re dont nous prot\u00e9geons ces informations.&nbsp; Nous y r\u00e9capitulons \u00e9galement vos droits et vous indiquons comment les exercer le cas \u00e9ch\u00e9ant, par exemple en contactant par mail. Toutefois, cette politique ne s\u2019applique pas \u00e0 vos informations personnelles collect\u00e9es par des sites web tiers susceptibles de publier des liens ou des publicit\u00e9s sur notre site web, ou accessibles d\u2019une autre mani\u00e8re depuis notre site. Les informations collect\u00e9es par ces sites web tiers sont soumises aux politiques de confidentialit\u00e9 de ces sites.<\/font><\/p>\n\n\n\n<p><font color=\"black\"><strong>Qui sommes-nous&nbsp;?<\/strong><\/font><\/p>\n\n\n\n<p><font color=\"black\">La partie d\u00e9sign\u00e9e par \u00ab&nbsp;nous&nbsp;\u00bb ou \u00ab&nbsp;notre&nbsp;\u00bb dans la pr\u00e9sente Politique de confidentialit\u00e9 est Judo Kodokan Dottignies ASBL n\u00b0 BE 0649.825.467. Si vous souhaitez nous poser des questions d\u2019ordre g\u00e9n\u00e9ral ou modifier vos informations personnelles, veuillez acc\u00e9der \u00e0 la page \u00ab&nbsp;Renseignements \u2013 Inscriptions&nbsp;\u00bb de ce site pour nous contacter.&nbsp;<\/font><\/p>\n\n\n\n<p><font color=\"black\"><strong>Quelles informations collectons-nous&nbsp;?<\/strong><\/font><\/p>\n\n\n\n<p><font color=\"black\">Dans cette section, nous vous indiquons les cat\u00e9gories d\u2019informations collect\u00e9es par Judo Kodokan Dottignies ASBL, qu\u2019elles soient collect\u00e9es automatiquement ou que vous les ayez vous-m\u00eame fournies de bon gr\u00e9.&nbsp;<\/font><\/p>\n\n\n\n<p><font color=\"black\"><u>Informations que vous fournissez lorsque vous demandez un renseignement ou une inscription via \u00e0 la page \u00ab&nbsp;Renseignements \u2013 Inscriptions&nbsp;\u00bb de notre site web&nbsp;: <\/u>&nbsp;&nbsp;Votre nom,&nbsp;votre pr\u00e9nom,&nbsp;la date de naissance du judoka ainsi que&nbsp;vos coordonn\u00e9es&nbsp;: votre adresse e-mail, votre adresse postale et votre num\u00e9ro de t\u00e9l\u00e9phone.<\/font><\/p>\n\n\n\n<p><font color=\"black\"><u>Informations que vous fournissez lorsque vous r\u00e9digez une fiche signal\u00e9tique du judoka&nbsp;:<\/u> Le nom&nbsp;du judoka,&nbsp;le pr\u00e9nom du judoka,&nbsp;la date de naissance,&nbsp;le sexe&nbsp;:&nbsp; M \/ F,&nbsp;la nationalit\u00e9&nbsp;du judoka,&nbsp;le nom&nbsp;du repr\u00e9sentant l\u00e9gal,&nbsp;les coordonn\u00e9es du judoka&nbsp;: adresse postale, num\u00e9ros de t\u00e9l\u00e9phone et adresse e-mail ainsi que les&nbsp;pr\u00e9cautions particuli\u00e8res.<\/font><\/p>\n\n\n\n<p><font color=\"black\"><strong>Pourquoi collectons-nous ces informations&nbsp;?<\/strong><\/font><\/p>\n\n\n\n<p><font color=\"black\">Nous utilisons les informations que nous collectons \u00e0 votre sujet aux fins suivantes&nbsp;:&nbsp;Valider l\u2019inscription au sein de notre club et \u00e0 la FFBJ F\u00e9d\u00e9ration Francophone Belge de Judo,&nbsp;gestion des cours ainsi que&nbsp;l\u2019envoi par e-mail des diff\u00e9rentes informations durant la saison sportive (comp\u00e9titions, activit\u00e9s, \u2026).<\/font><\/p>\n\n\n\n<p><font color=\"black\"><strong>Qui a acc\u00e8s \u00e0 vos informations&nbsp;?<\/strong><\/font><\/p>\n\n\n\n<p><font color=\"black\">Nous limitons l\u2019acc\u00e8s \u00e0 vos informations aux seuls membres du conseil d\u2019administration compos\u00e9 d\u2019un pr\u00e9sident, tr\u00e9sorier et secr\u00e9taire. Ils ont l\u2019obligation de les prot\u00e9ger et d\u2019en pr\u00e9server la confidentialit\u00e9. <\/font><\/p>\n\n\n\n<p><font color=\"black\">Pour l\u2019inscription du judoka au sein de la FFBJ F\u00e9d\u00e9ration Francophone Belge de Judo, nous transmettons \u00e9galement une partie de vos informations telles que le nom, pr\u00e9nom, date de naissance, nationalit\u00e9, sexe&nbsp;et adresse postale du judoka.<\/font><\/p>\n\n\n\n<p><font color=\"black\"><strong>Combien de temps conservons-nous vos informations personnelles&nbsp;?<\/strong><\/font><\/p>\n\n\n\n<p><font color=\"black\">Nous ne conservons vos informations personnelles que le temps n\u00e9cessaire \u00e0 la r\u00e9alisation des fins pour lesquelles elles ont \u00e9t\u00e9 fournies ou parce que nous avons l\u2019obligation l\u00e9gale de le faire.&nbsp;<\/font><\/p>\n\n\n\n<p><font color=\"black\"><strong>Quels sont vos droits en mati\u00e8re d\u2019acc\u00e8s \u00e0 vos informations personnelles et de contr\u00f4le de leur utilisation&nbsp;?<\/strong><\/font><\/p>\n\n\n\n<p><font color=\"black\">Vous avez le droit :&nbsp;d\u2019acc\u00e9der \u00e0 vos informations personnelles&nbsp;;&nbsp;de demander un exemplaire des informations personnelles trait\u00e9es par nos soins&nbsp;;&nbsp;d\u2019exiger la correction de vos informations personnelles&nbsp;;&nbsp;d\u2019exiger la suppression de vos informations personnelles (ou leur modification de telle mani\u00e8re que vous ne soyez plus identifiable) ou de limiter les fa\u00e7ons dont nous pouvons utiliser vos informations personnelles, attention, dans les deux cas, il nous est impossible de maintenir l\u2019inscription du judoka au sein de notre club&nbsp;;&nbsp;de d\u00e9poser une plainte aupr\u00e8s de l\u2019autorit\u00e9 charg\u00e9e de la protection des donn\u00e9es dans votre pays.<\/font><\/p>\n\n\n\n<p><font color=\"black\"><strong>Comment exercer ces droits&nbsp;?<\/strong><\/font><\/p>\n\n\n\n<p><font color=\"black\">Pour exercer l\u2019un des droits list\u00e9s ci-dessus, vous pouvez nous contacter via \u00e0 la page \u00ab&nbsp;Renseignements \u2013 Inscriptions&nbsp;\u00bb de notre&nbsp;site.<\/font><\/p>\n\n\n\n<p><font color=\"black\"><strong>Comment prot\u00e9geons-nous vos informations personnelles&nbsp;?<\/strong><\/font><\/p>\n\n\n\n<p><font color=\"black\">Nous disposons d\u2019une protection physique pour toutes les informations archiv\u00e9es sous forme papier et protection informatique pour toutes les informations archiv\u00e9es sous forme informatique.<\/font><\/p>\n\n\n\n<p><font color=\"black\"><strong>Modifications apport\u00e9es \u00e0 la pr\u00e9sente Politique de confidentialit\u00e9 et d\u2019utilisation des cookies<\/strong><\/font><\/p>\n\n\n\n<p><font color=\"black\">Nous sommes susceptibles de modifier la pr\u00e9sente Politique de confidentialit\u00e9 lorsqu\u2019il y a lieu, et nous publierons le cas \u00e9ch\u00e9ant sa version modifi\u00e9e sur notre site web. Nous nous r\u00e9servons le droit de modifier cette politique \u00e0 tout moment et vous prions donc de la consulter r\u00e9guli\u00e8rement.<\/font><\/p>\n","protected":false},"excerpt":{"rendered":"<p>Politique de confidentialit\u00e9 : Nous attachons une grande importance au respect de votre confidentialit\u00e9. Dans la pr\u00e9sente Politique de confidentialit\u00e9, nous vous indiquons les informations que nous collectons \u00e0 votre sujet, les raisons de cette collecte, ainsi que la mani\u00e8re dont nous prot\u00e9geons ces informations.&nbsp; Nous y r\u00e9capitulons \u00e9galement vos droits et vous indiquons comment [&hellip;]<\/p>\n","protected":false},"author":1,"featured_media":0,"parent":0,"menu_order":0,"comment_status":"closed","ping_status":"closed","template":"","meta":{"footnotes":""},"class_list":["post-82","page","type-page","status-publish","hentry"],"_links":{"self":[{"href":"https:\/\/kodokan-dottignies.be\/index.php\/wp-json\/wp\/v2\/pages\/82","targetHints":{"allow":["GET"]}}],"collection":[{"href":"https:\/\/kodokan-dottignies.be\/index.php\/wp-json\/wp\/v2\/pages"}],"about":[{"href":"https:\/\/kodokan-dottignies.be\/index.php\/wp-json\/wp\/v2\/types\/page"}],"author":[{"embeddable":true,"href":"https:\/\/kodokan-dottignies.be\/index.php\/wp-json\/wp\/v2\/users\/1"}],"replies":[{"embeddable":true,"href":"https:\/\/kodokan-dottignies.be\/index.php\/wp-json\/wp\/v2\/comments?post=82"}],"version-history":[{"count":5,"href":"https:\/\/kodokan-dottignies.be\/index.php\/wp-json\/wp\/v2\/pages\/82\/revisions"}],"predecessor-version":[{"id":201,"href":"https:\/\/kodokan-dottignies.be\/index.php\/wp-json\/wp\/v2\/pages\/82\/revisions\/201"}],"wp:attachment":[{"href":"https:\/\/kodokan-dottignies.be\/index.php\/wp-json\/wp\/v2\/media?parent=82"}],"curies":[{"name":"wp","href":"https:\/\/api.w.org\/{rel}","templated":true}]}}