{"id":84,"date":"2019-08-28T22:25:17","date_gmt":"2019-08-28T20:25:17","guid":{"rendered":"http:\/\/kodokan-dottignies.be\/?page_id=84"},"modified":"2019-09-01T11:01:33","modified_gmt":"2019-09-01T09:01:33","slug":"le-judo","status":"publish","type":"page","link":"https:\/\/kodokan-dottignies.be\/index.php\/le-judo\/","title":{"rendered":"Le Judo"},"content":{"rendered":"\n<div class=\"wp-block-image\"><figure class=\"alignleft\"><img decoding=\"async\" src=\"https:\/\/kodokandottignies.files.wordpress.com\/2015\/09\/images1tqwebjc3.jpg\" alt=\"images1TQWEBJC\" class=\"wp-image-242\"\/><\/figure><\/div>\n\n\n\n<figure class=\"wp-block-image\"><img decoding=\"async\" src=\"https:\/\/kodokandottignies.files.wordpress.com\/2015\/09\/image.jpg?w=136&amp;h=300\" alt=\"image\" class=\"wp-image-145\"\/><\/figure>\n\n\n\n<p><font color=\"black\">Le judo signifie litt\u00e9ralement voie de la souplesse ou principe de l\u2019adaptation. Le judo est un art martial, un sport de combat et un principe de vie d\u2019origine japonaise, fond\u00e9 par Jigoro Kano en 1882. Il se compose pour l\u2019essentiel de techniques de projection, de contr\u00f4les au sol, d\u2019\u00e9tranglements et de clefs.<br>\nLe lieu o\u00f9 l\u2019on pratique le judo s\u2019appelle le dojo,&nbsp;lieu d\u2019\u00e9tude de la voie.<br>\nLes pratiquants&nbsp;(judokas) portent une tenue en coton renforc\u00e9e appel\u00e9e judogi. Le judogi est g\u00e9n\u00e9ralement blanc, mais pour faciliter la distinction entre les combattants dans les comp\u00e9titions, un judoka peut avoir un judogi bleu \u00e0 certains&nbsp;niveaux de comp\u00e9titions. Le judo se pratique pieds nus et, chez les hommes, torse nu sous le judogi.&nbsp;A l\u2019entra\u00eenement&nbsp;comme en comp\u00e9tition, le judo se pratique sur un tatami, un tapis&nbsp;qui amortit les chocs.<br>\nLe judo est un sport olympique et n\u00e9cessite de l\u2019entra\u00eenement tant au niveau du combat qu\u2019au niveau des rencontres techniques.<\/font><\/p>\n","protected":false},"excerpt":{"rendered":"<p>Le judo signifie litt\u00e9ralement voie de la souplesse ou principe de l\u2019adaptation. Le judo est un art martial, un sport de combat et un principe de vie d\u2019origine japonaise, fond\u00e9 par Jigoro Kano en 1882. Il se compose pour l\u2019essentiel de techniques de projection, de contr\u00f4les au sol, d\u2019\u00e9tranglements et de clefs. Le lieu o\u00f9 [&hellip;]<\/p>\n","protected":false},"author":1,"featured_media":0,"parent":0,"menu_order":0,"comment_status":"closed","ping_status":"closed","template":"","meta":{"footnotes":""},"class_list":["post-84","page","type-page","status-publish","hentry"],"_links":{"self":[{"href":"https:\/\/kodokan-dottignies.be\/index.php\/wp-json\/wp\/v2\/pages\/84","targetHints":{"allow":["GET"]}}],"collection":[{"href":"https:\/\/kodokan-dottignies.be\/index.php\/wp-json\/wp\/v2\/pages"}],"about":[{"href":"https:\/\/kodokan-dottignies.be\/index.php\/wp-json\/wp\/v2\/types\/page"}],"author":[{"embeddable":true,"href":"https:\/\/kodokan-dottignies.be\/index.php\/wp-json\/wp\/v2\/users\/1"}],"replies":[{"embeddable":true,"href":"https:\/\/kodokan-dottignies.be\/index.php\/wp-json\/wp\/v2\/comments?post=84"}],"version-history":[{"count":3,"href":"https:\/\/kodokan-dottignies.be\/index.php\/wp-json\/wp\/v2\/pages\/84\/revisions"}],"predecessor-version":[{"id":182,"href":"https:\/\/kodokan-dottignies.be\/index.php\/wp-json\/wp\/v2\/pages\/84\/revisions\/182"}],"wp:attachment":[{"href":"https:\/\/kodokan-dottignies.be\/index.php\/wp-json\/wp\/v2\/media?parent=84"}],"curies":[{"name":"wp","href":"https:\/\/api.w.org\/{rel}","templated":true}]}}