{"id":86,"date":"2019-08-28T22:26:32","date_gmt":"2019-08-28T20:26:32","guid":{"rendered":"http:\/\/kodokan-dottignies.be\/?page_id=86"},"modified":"2019-09-01T11:00:34","modified_gmt":"2019-09-01T09:00:34","slug":"equipements","status":"publish","type":"page","link":"https:\/\/kodokan-dottignies.be\/index.php\/equipements\/","title":{"rendered":"Equipements"},"content":{"rendered":"\n<p><strong><em><u>Equipement :<\/u><\/em><\/strong><\/p>\n\n\n\n<p><font color=\"black\">Le <em><strong>judogi<\/strong><\/em><\/font><font color=\"black\"> est&nbsp;la tenue port\u00e9e pour la pratique du judo. Il se compose d\u2019une veste en tissu et d\u2019un pantalon. Il est g\u00e9n\u00e9ralement de couleur blanche mais peut \u00e9galement \u00eatre bleu dans les comp\u00e9titions internationales.<\/font><\/p>\n\n\n\n<figure class=\"wp-block-image\"><img decoding=\"async\" src=\"https:\/\/kodokandottignies.files.wordpress.com\/2015\/09\/imagesme3fn9wn.jpg\" alt=\"imagesME3FN9WN\" class=\"wp-image-172\"\/><\/figure>\n\n\n\n<p><font color=\"black\">Les grades sont attribu\u00e9s \u00e0 un pratiquant et permettent d\u2019\u00e9valuer son niveau technique, son efficacit\u00e9 en combat, son degr\u00e9 d\u2019anciennet\u00e9 ainsi que ses qualit\u00e9s morales, ce qui correspond au respect scrupuleux du code moral ainsi qu\u2019un investissement suffisant dans la pratique. Sans un minimum de respect des r\u00e8gles exig\u00e9es, aucun judoka ne peut pr\u00e9tendre \u00e0 l\u2019obtention d\u2019un grade.<\/font><\/p>\n\n\n\n<figure class=\"wp-block-image\"><img decoding=\"async\" src=\"https:\/\/upload.wikimedia.org\/wikipedia\/commons\/thumb\/e\/e1\/Ceinture_noire.png\/150px-Ceinture_noire.png\" alt=\"Ceinture noire.png\"\/><\/figure>\n\n\n\n<p><font color=\"black\">On trouve dans l\u2019ordre les ceintures <em><strong>blanche, jaune, orange, verte, bleue, <\/strong><strong>marron<\/strong><strong>,&nbsp;noire<\/strong><\/em> ainsi que deux ceintures sup\u00e9rieures : une <em><strong>rouge et blanche<\/strong><\/em> du <abbr title=\"Sixi\u00e8me\">6<sup>e<\/sup><\/abbr> au <abbr title=\"Huiti\u00e8me\">8<sup>e<\/sup><\/abbr> dan et&nbsp;une<em><strong> rouge<\/strong> <\/em>pour <abbr title=\"Neuvi\u00e8me\">9<sup>e<\/sup><\/abbr> et <abbr title=\"Dixi\u00e8me\">10<sup>e<\/sup><\/abbr> dan). Symboliquement, il fut donn\u00e9 \u00e0 Jigoro Kano (fondateur du judo), apr\u00e8s sa mort, une ceinture particuli\u00e8re, la ceinture blanche large (couleur des d\u00e9butants), pour signifier que l\u2019on n\u2019a jamais tout appris (pour <abbr title=\"Douzi\u00e8me\">12<sup>e<\/sup><\/abbr> dan, sachant qu\u2019il n\u2019y a pas de <abbr title=\"Onzi\u00e8me\">11<sup>e<\/sup><\/abbr> dan).<\/font><\/p>\n\n\n\n<figure class=\"wp-block-image\"><img decoding=\"async\" src=\"https:\/\/kodokandottignies.files.wordpress.com\/2015\/09\/ceinture2.jpg?w=111\" alt=\"ceinture2\" class=\"wp-image-293\"\/><\/figure>\n\n\n\n<figure class=\"wp-block-image\"><img decoding=\"async\" src=\"https:\/\/kodokandottignies.files.wordpress.com\/2015\/09\/ceinture3.jpg\" alt=\"ceinture3\" class=\"wp-image-294\"\/><\/figure>\n\n\n\n<figure class=\"wp-block-image\"><img decoding=\"async\" src=\"https:\/\/kodokandottignies.files.wordpress.com\/2015\/09\/ceinture4.jpg?w=122&amp;h=92\" alt=\"ceinture4\" class=\"wp-image-295\"\/><\/figure>\n","protected":false},"excerpt":{"rendered":"<p>Equipement : Le judogi est&nbsp;la tenue port\u00e9e pour la pratique du judo. Il se compose d\u2019une veste en tissu et d\u2019un pantalon. Il est g\u00e9n\u00e9ralement de couleur blanche mais peut \u00e9galement \u00eatre bleu dans les comp\u00e9titions internationales. Les grades sont attribu\u00e9s \u00e0 un pratiquant et permettent d\u2019\u00e9valuer son niveau technique, son efficacit\u00e9 en combat, son [&hellip;]<\/p>\n","protected":false},"author":1,"featured_media":0,"parent":0,"menu_order":0,"comment_status":"closed","ping_status":"closed","template":"","meta":{"footnotes":""},"class_list":["post-86","page","type-page","status-publish","hentry"],"_links":{"self":[{"href":"https:\/\/kodokan-dottignies.be\/index.php\/wp-json\/wp\/v2\/pages\/86","targetHints":{"allow":["GET"]}}],"collection":[{"href":"https:\/\/kodokan-dottignies.be\/index.php\/wp-json\/wp\/v2\/pages"}],"about":[{"href":"https:\/\/kodokan-dottignies.be\/index.php\/wp-json\/wp\/v2\/types\/page"}],"author":[{"embeddable":true,"href":"https:\/\/kodokan-dottignies.be\/index.php\/wp-json\/wp\/v2\/users\/1"}],"replies":[{"embeddable":true,"href":"https:\/\/kodokan-dottignies.be\/index.php\/wp-json\/wp\/v2\/comments?post=86"}],"version-history":[{"count":6,"href":"https:\/\/kodokan-dottignies.be\/index.php\/wp-json\/wp\/v2\/pages\/86\/revisions"}],"predecessor-version":[{"id":181,"href":"https:\/\/kodokan-dottignies.be\/index.php\/wp-json\/wp\/v2\/pages\/86\/revisions\/181"}],"wp:attachment":[{"href":"https:\/\/kodokan-dottignies.be\/index.php\/wp-json\/wp\/v2\/media?parent=86"}],"curies":[{"name":"wp","href":"https:\/\/api.w.org\/{rel}","templated":true}]}}