{"id":88,"date":"2019-08-28T22:27:11","date_gmt":"2019-08-28T20:27:11","guid":{"rendered":"http:\/\/kodokan-dottignies.be\/?page_id=88"},"modified":"2019-09-01T10:54:21","modified_gmt":"2019-09-01T08:54:21","slug":"code-moral","status":"publish","type":"page","link":"https:\/\/kodokan-dottignies.be\/index.php\/code-moral\/","title":{"rendered":"Code moral"},"content":{"rendered":"\n<ul class=\"wp-block-list\"><li><font color=\"black\">La politesse, c\u2019est le respect d\u2019autrui<\/font><\/li><li><font color=\"black\">Le courage, c\u2019est faire ce qui est juste<\/font><\/li><li><font color=\"black\">La sinc\u00e9rit\u00e9, c\u2019est s\u2019exprimer sans d\u00e9guiser sa pens\u00e9e<\/font><\/li><li><font color=\"black\">L\u2019honneur, c\u2019est \u00eatre fid\u00e8le \u00e0 la parole donn\u00e9e<\/font><\/li><li><font color=\"black\">La modestie, c\u2019est parler de soi-m\u00eame sans orgueil<\/font><\/li><li><font color=\"black\">Le respect, sans respect aucune confiance ne peut na\u00eetre<\/font><\/li><li><font color=\"black\">Le contr\u00f4le de soi, c\u2019est savoir se taire lorsque monte sa col\u00e8re<\/font><\/li><li><font color=\"black\">L\u2019amiti\u00e9, c\u2019est le plus pur et le plus fort des sentiments humains<\/font><\/li><\/ul>\n\n\n\n<p><\/p>\n","protected":false},"excerpt":{"rendered":"<p>La politesse, c\u2019est le respect d\u2019autrui Le courage, c\u2019est faire ce qui est juste La sinc\u00e9rit\u00e9, c\u2019est s\u2019exprimer sans d\u00e9guiser sa pens\u00e9e L\u2019honneur, c\u2019est \u00eatre fid\u00e8le \u00e0 la parole donn\u00e9e La modestie, c\u2019est parler de soi-m\u00eame sans orgueil Le respect, sans respect aucune confiance ne peut na\u00eetre Le contr\u00f4le de soi, c\u2019est savoir se taire [&hellip;]<\/p>\n","protected":false},"author":1,"featured_media":0,"parent":0,"menu_order":0,"comment_status":"closed","ping_status":"closed","template":"","meta":{"footnotes":""},"class_list":["post-88","page","type-page","status-publish","hentry"],"_links":{"self":[{"href":"https:\/\/kodokan-dottignies.be\/index.php\/wp-json\/wp\/v2\/pages\/88","targetHints":{"allow":["GET"]}}],"collection":[{"href":"https:\/\/kodokan-dottignies.be\/index.php\/wp-json\/wp\/v2\/pages"}],"about":[{"href":"https:\/\/kodokan-dottignies.be\/index.php\/wp-json\/wp\/v2\/types\/page"}],"author":[{"embeddable":true,"href":"https:\/\/kodokan-dottignies.be\/index.php\/wp-json\/wp\/v2\/users\/1"}],"replies":[{"embeddable":true,"href":"https:\/\/kodokan-dottignies.be\/index.php\/wp-json\/wp\/v2\/comments?post=88"}],"version-history":[{"count":2,"href":"https:\/\/kodokan-dottignies.be\/index.php\/wp-json\/wp\/v2\/pages\/88\/revisions"}],"predecessor-version":[{"id":178,"href":"https:\/\/kodokan-dottignies.be\/index.php\/wp-json\/wp\/v2\/pages\/88\/revisions\/178"}],"wp:attachment":[{"href":"https:\/\/kodokan-dottignies.be\/index.php\/wp-json\/wp\/v2\/media?parent=88"}],"curies":[{"name":"wp","href":"https:\/\/api.w.org\/{rel}","templated":true}]}}