{"id":90,"date":"2019-08-28T22:29:41","date_gmt":"2019-08-28T20:29:41","guid":{"rendered":"http:\/\/kodokan-dottignies.be\/?page_id=90"},"modified":"2019-09-01T11:07:05","modified_gmt":"2019-09-01T09:07:05","slug":"vocabulaire","status":"publish","type":"page","link":"https:\/\/kodokan-dottignies.be\/index.php\/vocabulaire\/","title":{"rendered":"Vocabulaire"},"content":{"rendered":"\n<figure class=\"wp-block-image\"><img decoding=\"async\" src=\"https:\/\/kodokandottignies.files.wordpress.com\/2015\/09\/corps2.png\" alt=\"corps2\" class=\"wp-image-403\"\/><\/figure>\n\n\n\n<table class=\"wp-block-table\"><tbody><tr><td><strong><em>Termes d\u2019arbitrage<\/em><\/strong><\/td><\/tr><tr><td><strong>hajime<\/strong><\/td><td>commencez<\/td><\/tr><tr><td><strong>hansoku make<\/strong><\/td><td>disqualification<\/td><\/tr><tr><td><strong>hikiwake<\/strong><\/td><td>\u00e9galit\u00e9<\/td><\/tr><tr><td><strong>ippon<\/strong><\/td><td>un point victorieux<\/td><\/tr><tr><td><strong>matte<\/strong><\/td><td>arr\u00eatez<\/td><\/tr><tr><td><strong>osae komi<\/strong><\/td><td>immobilisation<\/td><\/tr><tr><td><strong>shido<\/strong><\/td><td>faute l\u00e9g\u00e8re<\/td><\/tr><tr><td><strong>sono mama<\/strong><\/td><td>ne bougez plus<\/td><\/tr><tr><td><strong>sore made<\/strong><\/td><td>arr\u00eatez (fin)<\/td><\/tr><tr><td><strong>toketa<\/strong><\/td><td>sortie d\u2019immobilisation<\/td><\/tr><tr><td><strong>waza ari<\/strong><\/td><td>grand avantage technique<\/td><\/tr><tr><td><strong>yoshi<\/strong><\/td><td>reprenez<\/td><\/tr><tr><td><strong>yuko<\/strong><\/td><td>avantage moyen<\/td><\/tr><tr><td><\/td><td><\/td><\/tr><tr><td><strong><em>Corps, tenue, orientation.<\/em><\/strong><\/td><\/tr><tr><td><strong>ashi<\/strong><\/td><td>pied, jambe<\/td><\/tr><tr><td><strong>atama<\/strong><\/td><td>t\u00eate<\/td><\/tr><tr><td><strong>ayumi<\/strong><\/td><td>marche<\/td><\/tr><tr><td><strong>bara\u00ef<\/strong><\/td><td>balayer<\/td><\/tr><tr><td><strong>gatame (katame)<\/strong><\/td><td>contr\u00f4le<\/td><\/tr><tr><td><strong>goshi (koshi)<\/strong><\/td><td>hanche<\/td><\/tr><tr><td><strong>hidari<\/strong><\/td><td>gauche<\/td><\/tr><tr><td><strong>hiza<\/strong><\/td><td>genou<\/td><\/tr><tr><td><strong>judogi<\/strong><\/td><td>costume de judo<\/td><\/tr><tr><td><strong>kata<\/strong><\/td><td>\u00e9paule<\/td><\/tr><tr><td><strong>kuzushi<\/strong><\/td><td>d\u00e9s\u00e9quilibre<\/td><\/tr><tr><td><strong>mae<\/strong><\/td><td>face<\/td><\/tr><tr><td><strong>migi<\/strong><\/td><td>droit (\u00e0 droite)<\/td><\/tr><tr><td><strong>obi<\/strong><\/td><td>ceinture<\/td><\/tr><tr><td><strong>yoko<\/strong><\/td><td>cot\u00e9<\/td><\/tr><tr><td><\/td><td><\/td><\/tr><tr><td><strong><em>Histoire<\/em><\/strong><\/td><\/tr><tr><td><strong>Ma\u00eetre Jigoro Kano<\/strong><\/td><td>Fondateur du judo<\/td><\/tr><tr><td><strong>Kodokan<\/strong><\/td><td>Ecole pour l\u2019\u00e9tude de la voie, dojo de Jigoro Kano (fond\u00e9 en 1882)<\/td><\/tr><tr><td><\/td><td><\/td><\/tr><tr><td><strong><em>Principes d\u2019enseignement et d\u2019entra\u00eenement<\/em><\/strong><\/td><\/tr><tr><td><strong>kakari geiko<\/strong><\/td><td>exercice convenu (combin\u00e9)<\/td><\/tr><tr><td><strong>kata<\/strong><\/td><td>s\u00e9rie formelle de mouvements destin\u00e9s \u00e0 d\u00e9montrer les principes du judo (forme)<\/td><\/tr><tr><td><strong>randori<\/strong><\/td><td>exercice libre<\/td><\/tr><tr><td><strong>shiai<\/strong><\/td><td>comp\u00e9tition pure<\/td><\/tr><tr><td><strong>tai sabaki<\/strong><\/td><td>esquive du corps, mouvement tournant du corps<\/td><\/tr><tr><td><strong>tori<\/strong><\/td><td>prendre (celui qui fait l\u2019action)<\/td><\/tr><tr><td><strong>tokui waza<\/strong><\/td><td>technique favorite<\/td><\/tr><tr><td><strong>uke<\/strong><\/td><td>recevoir (subir), partenaire qui subit<\/td><\/tr><tr><td><strong>yaku soku geiko<\/strong><\/td><td>entra\u00eenement souple et libre en d\u00e9placement<\/td><\/tr><\/tbody><\/table>\n","protected":false},"excerpt":{"rendered":"<p>Termes d\u2019arbitrage hajime commencez hansoku make disqualification hikiwake \u00e9galit\u00e9 ippon un point victorieux matte arr\u00eatez osae komi immobilisation shido faute l\u00e9g\u00e8re sono mama ne bougez plus sore made arr\u00eatez (fin) toketa sortie d\u2019immobilisation waza ari grand avantage technique yoshi reprenez yuko avantage moyen Corps, tenue, orientation. ashi pied, jambe atama t\u00eate ayumi marche bara\u00ef balayer [&hellip;]<\/p>\n","protected":false},"author":1,"featured_media":0,"parent":0,"menu_order":0,"comment_status":"closed","ping_status":"closed","template":"","meta":{"footnotes":""},"class_list":["post-90","page","type-page","status-publish","hentry"],"_links":{"self":[{"href":"https:\/\/kodokan-dottignies.be\/index.php\/wp-json\/wp\/v2\/pages\/90","targetHints":{"allow":["GET"]}}],"collection":[{"href":"https:\/\/kodokan-dottignies.be\/index.php\/wp-json\/wp\/v2\/pages"}],"about":[{"href":"https:\/\/kodokan-dottignies.be\/index.php\/wp-json\/wp\/v2\/types\/page"}],"author":[{"embeddable":true,"href":"https:\/\/kodokan-dottignies.be\/index.php\/wp-json\/wp\/v2\/users\/1"}],"replies":[{"embeddable":true,"href":"https:\/\/kodokan-dottignies.be\/index.php\/wp-json\/wp\/v2\/comments?post=90"}],"version-history":[{"count":3,"href":"https:\/\/kodokan-dottignies.be\/index.php\/wp-json\/wp\/v2\/pages\/90\/revisions"}],"predecessor-version":[{"id":184,"href":"https:\/\/kodokan-dottignies.be\/index.php\/wp-json\/wp\/v2\/pages\/90\/revisions\/184"}],"wp:attachment":[{"href":"https:\/\/kodokan-dottignies.be\/index.php\/wp-json\/wp\/v2\/media?parent=90"}],"curies":[{"name":"wp","href":"https:\/\/api.w.org\/{rel}","templated":true}]}}